{"id":7979,"date":"2021-09-24T12:13:49","date_gmt":"2021-09-24T10:13:49","guid":{"rendered":"https:\/\/thenex-test.de\/?page_id=7979"},"modified":"2021-11-23T15:13:27","modified_gmt":"2021-11-23T14:13:27","slug":"werden-sie-lieferant-2-2","status":"publish","type":"page","link":"https:\/\/thenex.com\/de\/werden-sie-lieferant-2-2\/","title":{"rendered":"Lieferanten"},"content":{"rendered":"<p><div class=\"fusion-fullwidth fullwidth-box fusion-builder-row-1 nonhundred-percent-fullwidth non-hundred-percent-height-scrolling\" style=\"--awb-border-radius-top-left:0px;--awb-border-radius-top-right:0px;--awb-border-radius-bottom-right:0px;--awb-border-radius-bottom-left:0px;--awb-flex-wrap:wrap;\" ><div class=\"fusion-builder-row fusion-row\"><div class=\"fusion-layout-column fusion_builder_column fusion-builder-column-0 fusion_builder_column_1_1 1_1 fusion-one-full fusion-column-first fusion-column-last\" style=\"--awb-padding-top:60px;--awb-padding-right:60px;--awb-padding-bottom:60px;--awb-padding-left:60px;--awb-bg-color:#ffffff;--awb-bg-color-hover:#ffffff;--awb-bg-size:cover;--awb-border-color:#e2e2e2;--awb-border-top:1px;--awb-border-right:1px;--awb-border-bottom:1px;--awb-border-left:1px;--awb-border-style:solid;--awb-margin-top:0px;--awb-margin-bottom:0px;\"><div class=\"fusion-column-wrapper fusion-column-has-shadow fusion-flex-column-wrapper-legacy\"><div class=\"fusion-text fusion-text-1\"><p>Die thenex GmbH besteht seit vielen Jahrzehnten mit ihrem Hauptgesch\u00e4ft als globaler Beschaffungsspezialist. Das Unternehmen zeichnet sich dadurch aus, f\u00fcr Kundenanfragen aus aller Welt die optimalen Produkte zu finden und stets l\u00f6sungsorientiert zu denken. Dabei setzen wir vor allem auf langj\u00e4hrige strategische Partner, die \u00fcber die Jahre mit uns gewachsen sind und durch uns ihren Export ausbauen konnten.<\/p>\n<p>Gleichzeitig sind wir immer auf der Suche nach neuen Lieferanten und deren Produktinnovationen und Ideen, denn nur durch die Qualit\u00e4t und Flexibilit\u00e4t unserer Partner kann die thenex GmbH ihren Kunden eine dauerhafte Unterst\u00fctzung bieten &#8211; und genau das wollen wir und daf\u00fcr stehen wir. Wir bauen auf einen regelm\u00e4\u00dfigen Austausch, sowohl mit unseren Lieferanten als auch mit unseren Kunden.<\/p>\n<p>Ihre <strong>Vorteile als thenex-Lieferant:<\/strong><\/p>\n<p>Wir sind Ihr deutscher Kunde<br \/>\nWir k\u00fcmmern uns um die Exportabwicklung<br \/>\nKeine Z\u00f6lle, keine Exportdokumente, etc.<br \/>\nEinfache Abwicklung<br \/>\nSchnelle Unterst\u00fctzung<br \/>\nDirekte Kommunikation<br \/>\nSie profitieren von unserem Know-how und unserem Netzwerk<br \/>\nM\u00f6glichkeit, Ihre Produkte bei unseren Kunden aktiv zu bewerben<br \/>\nHaben Sie Interesse an einer Zusammenarbeit mit der thenex GmbH und wollen Sie unser Lieferant werden? Schauen Sie unter &#8222;Lieferant werden&#8220; und nehmen Sie Kontakt mit uns auf!<\/p>\n<\/div><div class=\"fusion-aligncenter\"><a class=\"fusion-button button-flat fusion-button-default-size button-default fusion-button-default button-1 fusion-button-default-span fusion-button-default-type\" style=\"--button_margin-top:5%;\" target=\"_self\" href=\"https:\/\/thenex.com\/de\/werden-sie-lieferant-2\/\"><span class=\"fusion-button-text awb-button__text awb-button__text--default\">WERDEN SIE LIEFERANT!<\/span><\/a><\/div><div class=\"fusion-clearfix\"><\/div><\/div><\/div><\/div><\/div><div class=\"fusion-fullwidth fullwidth-box fusion-builder-row-2 nonhundred-percent-fullwidth non-hundred-percent-height-scrolling\" style=\"--awb-border-radius-top-left:0px;--awb-border-radius-top-right:0px;--awb-border-radius-bottom-right:0px;--awb-border-radius-bottom-left:0px;--awb-background-color:#1268b0;--awb-flex-wrap:wrap;\" ><div class=\"fusion-builder-row fusion-row\"><div class=\"fusion-layout-column fusion_builder_column fusion-builder-column-1 fusion_builder_column_1_1 1_1 fusion-one-full fusion-column-first fusion-column-last\" style=\"--awb-padding-top:2%;--awb-padding-right:5%;--awb-padding-bottom:2%;--awb-padding-left:5%;--awb-bg-size:cover;\"><div class=\"fusion-column-wrapper fusion-column-has-shadow fusion-flex-column-wrapper-legacy\"><div class=\"fusion-text fusion-text-2\"><p><span style=\"color: #ffffff;\"><i>Mit Beginn des Jahres 2020 bin ich Einkaufsleiter bei der Firma thenex.<\/i><\/span><\/p>\n<p><span style=\"color: #ffffff;\"><i>Mein Anliegen ist es, einen strategischen Einkauf aufzubauen, um entsprechend unserer Kundenw\u00fcnsche sicher und flexibel aufgestellt zu sein. Dar\u00fcber hinaus m\u00f6chten wir als thenex GmbH interessante Produkte und Produktinnovationen aktiv an unsere Kundschaft herantragen.<\/i><\/span><\/p>\n<p><span style=\"color: #ffffff;\"><i>In einem dynamischen Absatzmarkt mit immer neuen Herausforderungen steht thenex f\u00fcr Kontinuit\u00e4t, St\u00e4rke und Zuverl\u00e4ssigkeit und profitiert dabei von einem starken Netzwerk und jahrelanger Erfahrung.<\/i><\/span><\/p>\n<p><span style=\"color: #ffffff;\">Robin Volmering<\/span><\/p>\n<\/div><div class=\"fusion-clearfix\"><\/div><\/div><\/div><\/div><\/div><div class=\"fusion-fullwidth fullwidth-box fusion-builder-row-3 nonhundred-percent-fullwidth non-hundred-percent-height-scrolling\" style=\"--awb-border-radius-top-left:0px;--awb-border-radius-top-right:0px;--awb-border-radius-bottom-right:0px;--awb-border-radius-bottom-left:0px;--awb-flex-wrap:wrap;\" ><div class=\"fusion-builder-row fusion-row\"><div class=\"fusion-layout-column fusion_builder_column fusion-builder-column-2 fusion_builder_column_1_1 1_1 fusion-one-full fusion-column-first fusion-column-last\" style=\"--awb-padding-top:60px;--awb-padding-right:60px;--awb-padding-bottom:60px;--awb-padding-left:60px;--awb-bg-color:#ffffff;--awb-bg-color-hover:#ffffff;--awb-bg-size:cover;--awb-border-color:#e2e2e2;--awb-border-top:1px;--awb-border-right:1px;--awb-border-bottom:1px;--awb-border-left:1px;--awb-border-style:solid;--awb-margin-top:0px;--awb-margin-bottom:0px;\"><div class=\"fusion-column-wrapper fusion-column-has-shadow fusion-flex-column-wrapper-legacy\"><div class=\"fusion-title title fusion-title-1 fusion-title-center fusion-title-text fusion-title-size-one\" style=\"--awb-margin-top:75px;--awb-margin-bottom:40px;\"><div class=\"title-sep-container title-sep-container-left\"><div class=\"title-sep sep-single sep-solid\" style=\"border-color:#e0dede;\"><\/div><\/div><span class=\"awb-title-spacer\"><\/span><h1 class=\"fusion-title-heading title-heading-center\" style=\"margin:0;\">NEWS ON PROCUREMENT<\/h1><span class=\"awb-title-spacer\"><\/span><div class=\"title-sep-container title-sep-container-right\"><div class=\"title-sep sep-single sep-solid\" style=\"border-color:#e0dede;\"><\/div><\/div><\/div><div class=\"fusion-sep-clear\"><\/div><div class=\"fusion-separator fusion-full-width-sep\" style=\"margin-left: auto;margin-right: auto;width:100%;\"><div class=\"fusion-separator-border sep-single sep-solid\" style=\"--awb-height:20px;--awb-amount:20px;--awb-sep-color:#ffffff;border-color:#ffffff;border-top-width:50px;\"><\/div><\/div><div class=\"fusion-sep-clear\"><\/div><div class=\"fusion-blog-shortcode fusion-blog-shortcode-1 fusion-blog-archive fusion-blog-layout-medium-alternate fusion-blog-pagination\"><div class=\"fusion-posts-container fusion-posts-container-pagination fusion-blog-rollover\" data-pages=\"1\"><article id=\"blog-1-post-5173\" class=\"fusion-post-medium-alternate post-5173 post type-post status-publish format-standard has-post-thumbnail hentry category-procurement\">\n<div class=\"fusion-date-and-formats\"><div class=\"fusion-date-box updated\"><span class=\"fusion-date\">27<\/span><span class=\"fusion-month-year\">02, 2020<\/span><\/div><div class=\"fusion-format-box\"><i class=\"awb-icon-pen\" aria-hidden=\"true\"><\/i><\/div><\/div>\t<style type=\"text\/css\">\n\t\t\n\t\t\n\t\t\n\t\t\n\t\t\t<\/style>\n\n\n\t\t\t<div class=\"fusion-flexslider flexslider fusion-flexslider-loading fusion-post-slideshow\" style=\"\">\n\t\t<ul class=\"slides\">\n\t\t\t\n\t\t\t\t\t\t\t\t\t\t\t\t\t\t<li><div  class=\"fusion-image-wrapper fusion-image-size-fixed\" aria-haspopup=\"true\">\n\t\t\t\t<img decoding=\"async\" width=\"320\" height=\"202\" src=\"https:\/\/thenex.com\/wp-content\/uploads\/2020\/02\/JVR7305-320x202.jpeg\" class=\"attachment-blog-medium size-blog-medium lazyload wp-post-image\" alt=\"Robin Volmering bei thenex GmbH\" srcset=\"data:image\/svg+xml,%3Csvg%20xmlns%3D%27http%3A%2F%2Fwww.w3.org%2F2000%2Fsvg%27%20width%3D%272000%27%20height%3D%271333%27%20viewBox%3D%270%200%202000%201333%27%3E%3Crect%20width%3D%272000%27%20height%3D%271333%27%20fill-opacity%3D%220%22%2F%3E%3C%2Fsvg%3E\" data-orig-src=\"https:\/\/thenex.com\/wp-content\/uploads\/2020\/02\/JVR7305-320x202.jpeg\" data-srcset=\"https:\/\/thenex.com\/wp-content\/uploads\/2020\/02\/JVR7305-320x202.jpeg 320w, https:\/\/thenex.com\/wp-content\/uploads\/2020\/02\/JVR7305-700x441.jpeg 700w\" data-sizes=\"auto\" \/><div class=\"fusion-rollover\">\n\t<div class=\"fusion-rollover-content\">\n\n\t\t\t\t\t\t\t\t\t\t\t\t\t\t<a class=\"fusion-rollover-link\" href=\"https:\/\/thenex.com\/de\/robin-volmering-joins-the-thenex-gmbh-team-as-new-procurement-manager\/\">Robin Volmering joins the thenex GmbH team as new Procurement Manager!<\/a>\n\t\t\t\n\t\t\t\t\t\t\t\t\t\t\t\t\t\t\n\t\t\t\t\t\t\t\t\n\t\t\t\t\t\t\t\t\t\t\t\t\t<div class=\"fusion-rollover-sep\"><\/div>\n\t\t\t\t\n\t\t\t\t\t\t\t\t\t\t\t\t\t\t\t\t\t\t<a class=\"fusion-rollover-gallery\" href=\"https:\/\/thenex.com\/wp-content\/uploads\/2020\/02\/JVR7305.jpeg\" data-options=\"\" data-id=\"5173\" data-rel=\"iLightbox[gallery]\" data-title=\"Robin Volmering bei thenex GmbH\" data-caption=\"\">\n\t\t\t\t\t\tGallerie\t\t\t\t\t<\/a>\n\t\t\t\t\t\t\t\t\t\t\t\t\t\t\n\t\t\n\t\t\t\t\t\t\t\t\t\t\t\t<h4 class=\"fusion-rollover-title\">\n\t\t\t\t\t<a class=\"fusion-rollover-title-link\" href=\"https:\/\/thenex.com\/de\/robin-volmering-joins-the-thenex-gmbh-team-as-new-procurement-manager\/\">\n\t\t\t\t\t\tRobin Volmering joins the thenex GmbH team as new Procurement Manager!\t\t\t\t\t<\/a>\n\t\t\t\t<\/h4>\n\t\t\t\n\t\t\t\t\t\t\t\t\t\t<div class=\"fusion-rollover-categories\"><a href=\"https:\/\/thenex.com\/de\/category\/procurement\/\" rel=\"tag\">Procurement<\/a><\/div>\t\t\t\t\t\n\t\t\n\t\t\t\t\t\t<a class=\"fusion-link-wrapper\" href=\"https:\/\/thenex.com\/de\/robin-volmering-joins-the-thenex-gmbh-team-as-new-procurement-manager\/\" aria-label=\"Robin Volmering joins the thenex GmbH team as new Procurement Manager!\"><\/a>\n\t<\/div>\n<\/div>\n<\/div>\n<\/li>\n\t\t\t\n\t\t\t\n\t\t\t\t\t\t\t\t\t\t\t\t\t\t\t\t\t\t\t\t\t\t\t\t\t\t\t\t\t\t\t\t\t\t\t\t\t\t\t\t\t\t\t\t\t\t\t\t\t\t\t\t\t\t\t\t\t\t\t\t\t\t\t\t\t\t\t\t<\/ul>\n\t<\/div>\n\t<div class=\"fusion-post-content post-content\"><h2 class=\"blog-shortcode-post-title entry-title\"><a href=\"https:\/\/thenex.com\/de\/robin-volmering-joins-the-thenex-gmbh-team-as-new-procurement-manager\/\">Robin Volmering joins the thenex GmbH team as new Procurement Manager!<\/a><\/h2><p class=\"fusion-single-line-meta\"><span class=\"vcard\" style=\"display: none;\"><span class=\"fn\"><a href=\"https:\/\/thenex.com\/de\/author\/joopvnreeken\/\" title=\"Beitr\u00e4ge von Joop van Reeken\" rel=\"author\">Joop van Reeken<\/a><\/span><\/span><span class=\"updated\" style=\"display:none;\">2020-02-27T18:10:30+01:00<\/span><span>27.02.2020<\/span><span class=\"fusion-inline-sep\">|<\/span><\/p><div class=\"fusion-post-content-container\"><p><\/p><p>On time delivery, low costs and a high quality and [...]<\/p><\/div><\/div><div class=\"fusion-clearfix\"><\/div><div class=\"fusion-meta-info\"><div class=\"fusion-alignright\"><a class=\"fusion-read-more\" href=\"https:\/\/thenex.com\/de\/robin-volmering-joins-the-thenex-gmbh-team-as-new-procurement-manager\/\" aria-label=\"More on Robin Volmering joins the thenex GmbH team as new Procurement Manager!\">Weiterlesen<\/a><\/div><\/div><\/article>\n<\/div><\/div><div class=\"fusion-clearfix\"><\/div><\/div><\/div><\/div><\/div><\/p>\n","protected":false},"excerpt":{"rendered":"","protected":false},"author":5,"featured_media":0,"parent":0,"menu_order":0,"comment_status":"closed","ping_status":"closed","template":"","meta":{"footnotes":""},"class_list":["post-7979","page","type-page","status-publish","hentry"],"yoast_head":"<!-- This site is optimized with the Yoast SEO plugin v27.0 - https:\/\/yoast.com\/product\/yoast-seo-wordpress\/ -->\n<title>Lieferanten - thenex GmbH<\/title>\n<meta name=\"robots\" content=\"index, follow, max-snippet:-1, max-image-preview:large, max-video-preview:-1\" \/>\n<link rel=\"canonical\" href=\"https:\/\/thenex.com\/de\/werden-sie-lieferant-2-2\/\" \/>\n<meta property=\"og:locale\" content=\"de_DE\" \/>\n<meta property=\"og:type\" content=\"article\" \/>\n<meta property=\"og:title\" content=\"Lieferanten - thenex GmbH\" \/>\n<meta property=\"og:url\" content=\"https:\/\/thenex.com\/de\/werden-sie-lieferant-2-2\/\" \/>\n<meta property=\"og:site_name\" content=\"thenex GmbH\" \/>\n<meta property=\"article:publisher\" content=\"http:\/\/www.facebook.com\/thenexgmbh\" \/>\n<meta property=\"article:modified_time\" content=\"2021-11-23T14:13:27+00:00\" \/>\n<meta name=\"twitter:card\" content=\"summary_large_image\" \/>\n<meta name=\"twitter:label1\" content=\"Gesch\u00e4tzte Lesezeit\" \/>\n\t<meta name=\"twitter:data1\" content=\"9\u00a0Minuten\" \/>\n<script type=\"application\/ld+json\" class=\"yoast-schema-graph\">{\"@context\":\"https:\/\/schema.org\",\"@graph\":[{\"@type\":\"WebPage\",\"@id\":\"https:\/\/thenex.com\/de\/werden-sie-lieferant-2-2\/\",\"url\":\"https:\/\/thenex.com\/de\/werden-sie-lieferant-2-2\/\",\"name\":\"Lieferanten - thenex GmbH\",\"isPartOf\":{\"@id\":\"https:\/\/thenex.com\/de\/#website\"},\"datePublished\":\"2021-09-24T10:13:49+00:00\",\"dateModified\":\"2021-11-23T14:13:27+00:00\",\"breadcrumb\":{\"@id\":\"https:\/\/thenex.com\/de\/werden-sie-lieferant-2-2\/#breadcrumb\"},\"inLanguage\":\"de\",\"potentialAction\":[{\"@type\":\"ReadAction\",\"target\":[\"https:\/\/thenex.com\/de\/werden-sie-lieferant-2-2\/\"]}]},{\"@type\":\"BreadcrumbList\",\"@id\":\"https:\/\/thenex.com\/de\/werden-sie-lieferant-2-2\/#breadcrumb\",\"itemListElement\":[{\"@type\":\"ListItem\",\"position\":1,\"name\":\"Home\",\"item\":\"https:\/\/thenex.com\/de\/\"},{\"@type\":\"ListItem\",\"position\":2,\"name\":\"Lieferanten\"}]},{\"@type\":\"WebSite\",\"@id\":\"https:\/\/thenex.com\/de\/#website\",\"url\":\"https:\/\/thenex.com\/de\/\",\"name\":\"thenex GmbH\",\"description\":\"WORLDWIDE INDUSTRIAL SERVICES SINCE 1900\",\"publisher\":{\"@id\":\"https:\/\/thenex.com\/de\/#organization\"},\"potentialAction\":[{\"@type\":\"SearchAction\",\"target\":{\"@type\":\"EntryPoint\",\"urlTemplate\":\"https:\/\/thenex.com\/de\/?s={search_term_string}\"},\"query-input\":{\"@type\":\"PropertyValueSpecification\",\"valueRequired\":true,\"valueName\":\"search_term_string\"}}],\"inLanguage\":\"de\"},{\"@type\":\"Organization\",\"@id\":\"https:\/\/thenex.com\/de\/#organization\",\"name\":\"thenex\",\"url\":\"https:\/\/thenex.com\/de\/\",\"logo\":{\"@type\":\"ImageObject\",\"inLanguage\":\"de\",\"@id\":\"https:\/\/thenex.com\/de\/#\/schema\/logo\/image\/\",\"url\":\"https:\/\/thenex-test.de\/wp-content\/uploads\/2015\/09\/Thenex_Logo_2015_AVADA_350_Transparent.png\",\"contentUrl\":\"https:\/\/thenex-test.de\/wp-content\/uploads\/2015\/09\/Thenex_Logo_2015_AVADA_350_Transparent.png\",\"width\":350,\"height\":160,\"caption\":\"thenex\"},\"image\":{\"@id\":\"https:\/\/thenex.com\/de\/#\/schema\/logo\/image\/\"},\"sameAs\":[\"http:\/\/www.facebook.com\/thenexgmbh\",\"https:\/\/www.instagram.com\/thenexgmbh\/\",\"https:\/\/www.linkedin.com\/company\/thenex-gmbh\"]}]}<\/script>\n<!-- \/ Yoast SEO plugin. -->","yoast_head_json":{"title":"Lieferanten - thenex GmbH","robots":{"index":"index","follow":"follow","max-snippet":"max-snippet:-1","max-image-preview":"max-image-preview:large","max-video-preview":"max-video-preview:-1"},"canonical":"https:\/\/thenex.com\/de\/werden-sie-lieferant-2-2\/","og_locale":"de_DE","og_type":"article","og_title":"Lieferanten - thenex GmbH","og_url":"https:\/\/thenex.com\/de\/werden-sie-lieferant-2-2\/","og_site_name":"thenex GmbH","article_publisher":"http:\/\/www.facebook.com\/thenexgmbh","article_modified_time":"2021-11-23T14:13:27+00:00","twitter_card":"summary_large_image","twitter_misc":{"Gesch\u00e4tzte Lesezeit":"9\u00a0Minuten"},"schema":{"@context":"https:\/\/schema.org","@graph":[{"@type":"WebPage","@id":"https:\/\/thenex.com\/de\/werden-sie-lieferant-2-2\/","url":"https:\/\/thenex.com\/de\/werden-sie-lieferant-2-2\/","name":"Lieferanten - thenex GmbH","isPartOf":{"@id":"https:\/\/thenex.com\/de\/#website"},"datePublished":"2021-09-24T10:13:49+00:00","dateModified":"2021-11-23T14:13:27+00:00","breadcrumb":{"@id":"https:\/\/thenex.com\/de\/werden-sie-lieferant-2-2\/#breadcrumb"},"inLanguage":"de","potentialAction":[{"@type":"ReadAction","target":["https:\/\/thenex.com\/de\/werden-sie-lieferant-2-2\/"]}]},{"@type":"BreadcrumbList","@id":"https:\/\/thenex.com\/de\/werden-sie-lieferant-2-2\/#breadcrumb","itemListElement":[{"@type":"ListItem","position":1,"name":"Home","item":"https:\/\/thenex.com\/de\/"},{"@type":"ListItem","position":2,"name":"Lieferanten"}]},{"@type":"WebSite","@id":"https:\/\/thenex.com\/de\/#website","url":"https:\/\/thenex.com\/de\/","name":"thenex GmbH","description":"WORLDWIDE INDUSTRIAL SERVICES SINCE 1900","publisher":{"@id":"https:\/\/thenex.com\/de\/#organization"},"potentialAction":[{"@type":"SearchAction","target":{"@type":"EntryPoint","urlTemplate":"https:\/\/thenex.com\/de\/?s={search_term_string}"},"query-input":{"@type":"PropertyValueSpecification","valueRequired":true,"valueName":"search_term_string"}}],"inLanguage":"de"},{"@type":"Organization","@id":"https:\/\/thenex.com\/de\/#organization","name":"thenex","url":"https:\/\/thenex.com\/de\/","logo":{"@type":"ImageObject","inLanguage":"de","@id":"https:\/\/thenex.com\/de\/#\/schema\/logo\/image\/","url":"https:\/\/thenex-test.de\/wp-content\/uploads\/2015\/09\/Thenex_Logo_2015_AVADA_350_Transparent.png","contentUrl":"https:\/\/thenex-test.de\/wp-content\/uploads\/2015\/09\/Thenex_Logo_2015_AVADA_350_Transparent.png","width":350,"height":160,"caption":"thenex"},"image":{"@id":"https:\/\/thenex.com\/de\/#\/schema\/logo\/image\/"},"sameAs":["http:\/\/www.facebook.com\/thenexgmbh","https:\/\/www.instagram.com\/thenexgmbh\/","https:\/\/www.linkedin.com\/company\/thenex-gmbh"]}]}},"_links":{"self":[{"href":"https:\/\/thenex.com\/de\/wp-json\/wp\/v2\/pages\/7979","targetHints":{"allow":["GET"]}}],"collection":[{"href":"https:\/\/thenex.com\/de\/wp-json\/wp\/v2\/pages"}],"about":[{"href":"https:\/\/thenex.com\/de\/wp-json\/wp\/v2\/types\/page"}],"author":[{"embeddable":true,"href":"https:\/\/thenex.com\/de\/wp-json\/wp\/v2\/users\/5"}],"replies":[{"embeddable":true,"href":"https:\/\/thenex.com\/de\/wp-json\/wp\/v2\/comments?post=7979"}],"version-history":[{"count":6,"href":"https:\/\/thenex.com\/de\/wp-json\/wp\/v2\/pages\/7979\/revisions"}],"predecessor-version":[{"id":8660,"href":"https:\/\/thenex.com\/de\/wp-json\/wp\/v2\/pages\/7979\/revisions\/8660"}],"wp:attachment":[{"href":"https:\/\/thenex.com\/de\/wp-json\/wp\/v2\/media?parent=7979"}],"curies":[{"name":"wp","href":"https:\/\/api.w.org\/{rel}","templated":true}]}}